{"id":45440,"date":"2021-11-03T15:03:46","date_gmt":"2021-11-03T15:03:46","guid":{"rendered":"https:\/\/libidex.eu\/fleshlight-flight\/"},"modified":"2023-05-23T11:09:27","modified_gmt":"2023-05-23T11:09:27","slug":"fleshlight-flight","status":"publish","type":"product","link":"https:\/\/libidex.eu\/de\/produkt\/fleshlight-flight\/","title":{"rendered":"Fleshlight Flug"},"content":{"rendered":"<p>Beschreibung<br \/>\nDas meistverkaufte m\u00e4nnliche Sexspielzeug der Welt wurde gerade noch besser! Der Flight-Masturbator von Fleshlight ist ein diskreter Masturbator mit einer fantastischen Textur. Sein aerodynamisches \u00c4u\u00dferes und sein unglaublich holpriger Kanal werden Sie in eine neue Dimension des Vergn\u00fcgens f\u00fchren.<\/p>\n<p>Das Standardmodell der Fleshlight wurde komplett \u00fcberarbeitet, um weicher, angenehmer und diskreter als je zuvor zu sein.<\/p>\n<p>Die Innenh\u00fclle des Flight ist transparent und hat eine schmale, nicht anatomische \u00d6ffnung, die zum Eintauchen in die Tiefen eines strukturierten Kanals einl\u00e4dt. Die realistische H\u00fclle mit Dutzenden von stimulierenden H\u00f6ckern sorgt f\u00fcr intensives Vergn\u00fcgen dank der Saugfunktion, die \u00fcber den Schraubverschluss gesteuert werden kann.<\/p>\n<p>Die diskrete \u00d6ffnung misst 1,3 cm im Durchmesser f\u00fcr eine enge und komfortable Aufnahme, die die ultra realistischen Empfindungen f\u00fcr einen unglaublichen Orgasmus erh\u00f6ht.<\/p>\n<p>Enthalten in einem schlanken, schlanken und aerodynamischen 8 \u201c hohen Geh\u00e4use, ist der Flight von Fleshlight diskret und leicht zu verstauen. F\u00fcr absolute Diskretion, eine Schraube Abdeckung deckt die \u00d6ffnung des Flight by Fleshlight, und verbirgt sich die H\u00fclse.<\/p>\n<p>Nach dem Gebrauch l\u00e4sst sich die offene H\u00fclse leicht aus dem Geh\u00e4use ziehen, so dass Sie sie jedes Mal leicht reinigen k\u00f6nnen. Waschen Sie es einfach mit warmem Wasser ab und wischen Sie es mit einem sauberen Handtuch oder Lappen trocken.<\/p>\n<p>Ein umfassender Service-Leitfaden und eine Bedienungsanleitung sind im Lieferumfang Ihres Flight enthalten, zus\u00e4tzlich zu einem Beutel mit Fleshlight-Gleitmittel auf Wasserbasis.<\/p>\n<p>Steigern Sie das Vergn\u00fcgen dieses m\u00e4nnlichen Sexspielzeugs noch weiter, indem Sie vor und w\u00e4hrend Ihres Liebesspiels reichlich Gleitmittel auf Wasserbasis verwenden.<\/p>\n<p>Technische Einzelheiten<br \/>\nWesentliche Informationen<br \/>\nAllergene: Ohne Phthalate<br \/>\nWasserdicht: wasserdicht<br \/>\nAbmessungen: Kanaldurchmesser: 0,5 Zoll, Tiefe: 6 Zoll<br \/>\nEr\u00f6ffnung: Neutral<\/p>\n<p>Marke: Fleshlight<\/p>\n","protected":false},"excerpt":{"rendered":"<p>Beschreibung Das meistverkaufte m\u00e4nnliche Sexspielzeug der Welt wurde gerade noch besser! Der Flight-Masturbator von Fleshlight ist ein diskreter Masturbator mit einer fantastischen Textur. Sein aerodynamisches \u00c4u\u00dferes und sein unglaublich holpriger Kanal werden Sie in eine neue Dimension des Vergn\u00fcgens f\u00fchren. Das Standardmodell der Fleshlight wurde komplett \u00fcberarbeitet, um weicher, angenehmer und diskreter als je zuvor [&hellip;]<\/p>\n","protected":false},"featured_media":45103,"comment_status":"open","ping_status":"closed","template":"","meta":[],"product_brand":[],"product_cat":[446,411,240],"product_tag":[],"class_list":{"0":"post-45440","1":"product","2":"type-product","3":"status-publish","4":"has-post-thumbnail","6":"product_cat-erstes-sexspielzeug","7":"product_cat-penis-masturbatoren","8":"product_cat-sexspielzeug","10":"first","11":"instock","12":"taxable","13":"shipping-taxable","14":"purchasable","15":"product-type-simple"},"_links":{"self":[{"href":"https:\/\/libidex.eu\/de\/wp-json\/wp\/v2\/product\/45440","targetHints":{"allow":["GET"]}}],"collection":[{"href":"https:\/\/libidex.eu\/de\/wp-json\/wp\/v2\/product"}],"about":[{"href":"https:\/\/libidex.eu\/de\/wp-json\/wp\/v2\/types\/product"}],"replies":[{"embeddable":true,"href":"https:\/\/libidex.eu\/de\/wp-json\/wp\/v2\/comments?post=45440"}],"version-history":[{"count":0,"href":"https:\/\/libidex.eu\/de\/wp-json\/wp\/v2\/product\/45440\/revisions"}],"wp:featuredmedia":[{"embeddable":true,"href":"https:\/\/libidex.eu\/de\/wp-json\/wp\/v2\/media\/45103"}],"wp:attachment":[{"href":"https:\/\/libidex.eu\/de\/wp-json\/wp\/v2\/media?parent=45440"}],"wp:term":[{"taxonomy":"product_brand","embeddable":true,"href":"https:\/\/libidex.eu\/de\/wp-json\/wp\/v2\/product_brand?post=45440"},{"taxonomy":"product_cat","embeddable":true,"href":"https:\/\/libidex.eu\/de\/wp-json\/wp\/v2\/product_cat?post=45440"},{"taxonomy":"product_tag","embeddable":true,"href":"https:\/\/libidex.eu\/de\/wp-json\/wp\/v2\/product_tag?post=45440"}],"curies":[{"name":"wp","href":"https:\/\/api.w.org\/{rel}","templated":true}]}}